{"id":67,"date":"2018-11-18T18:24:41","date_gmt":"2018-11-18T17:24:41","guid":{"rendered":"http:\/\/localhost\/wp\/?page_id=67"},"modified":"2021-03-20T21:57:44","modified_gmt":"2021-03-20T20:57:44","slug":"horraires-et-lieu","status":"publish","type":"page","link":"https:\/\/csll_ludo.rpn.ch\/?page_id=67","title":{"rendered":"Horaires"},"content":{"rendered":"<p>Lundi: de 15h30 \u00e0 17h30<\/p>\n<p>Mardi: de 15h30 \u00e0 17h30<\/p>\n<p>Mercredi: &#8211;<\/p>\n<p>Jeudi: de 15h30 \u00e0 17h30<\/p>\n<p>Vendredi: de 15h30 \u00e0 17h30<\/p>\n<p>Samedi: de 9h00 \u00e0 11h00<\/p>\n<p>Veille de jours f\u00e9ri\u00e9s et vacances scolaires: &#8211;<\/p>\n\n\n<p><\/p>\n","protected":false},"excerpt":{"rendered":"<p>Lundi: de 15h30 \u00e0 17h30 Mardi: de 15h30 \u00e0 17h30 Mercredi: &#8211; Jeudi: de 15h30 \u00e0 17h30 Vendredi: de 15h30 \u00e0 17h30 Samedi: de 9h00 \u00e0 11h00 Veille de jours f\u00e9ri\u00e9s et vacances scolaires: &#8211;<\/p>\n","protected":false},"author":1,"featured_media":0,"parent":0,"menu_order":0,"comment_status":"closed","ping_status":"closed","template":"","meta":{"footnotes":""},"class_list":["post-67","page","type-page","status-publish","hentry"],"_links":{"self":[{"href":"https:\/\/csll_ludo.rpn.ch\/index.php?rest_route=\/wp\/v2\/pages\/67","targetHints":{"allow":["GET"]}}],"collection":[{"href":"https:\/\/csll_ludo.rpn.ch\/index.php?rest_route=\/wp\/v2\/pages"}],"about":[{"href":"https:\/\/csll_ludo.rpn.ch\/index.php?rest_route=\/wp\/v2\/types\/page"}],"author":[{"embeddable":true,"href":"https:\/\/csll_ludo.rpn.ch\/index.php?rest_route=\/wp\/v2\/users\/1"}],"replies":[{"embeddable":true,"href":"https:\/\/csll_ludo.rpn.ch\/index.php?rest_route=%2Fwp%2Fv2%2Fcomments&post=67"}],"version-history":[{"count":15,"href":"https:\/\/csll_ludo.rpn.ch\/index.php?rest_route=\/wp\/v2\/pages\/67\/revisions"}],"predecessor-version":[{"id":246,"href":"https:\/\/csll_ludo.rpn.ch\/index.php?rest_route=\/wp\/v2\/pages\/67\/revisions\/246"}],"wp:attachment":[{"href":"https:\/\/csll_ludo.rpn.ch\/index.php?rest_route=%2Fwp%2Fv2%2Fmedia&parent=67"}],"curies":[{"name":"wp","href":"https:\/\/api.w.org\/{rel}","templated":true}]}}